{"id":35,"date":"2015-02-03T21:02:17","date_gmt":"2015-02-03T21:02:17","guid":{"rendered":"http:\/\/www.izvangrada.com\/wp\/?page_id=35"},"modified":"2015-02-06T15:21:04","modified_gmt":"2015-02-06T15:21:04","slug":"o-sajtu-2","status":"publish","type":"page","link":"http:\/\/www.izvangrada.com\/wp\/?page_id=35","title":{"rendered":"O Sajtu"},"content":{"rendered":"<p>&nbsp;<\/p>\n<p>&nbsp;<\/p>\n<p>Internet sajt Izvan Grada je namenjen svima onima koji \u017eele da nau\u010de ne\u0161to vi\u0161e o \u017eivotu u prirodi, izvan grada. Na ovom sajtu \u0107e se pisati i diskutovati o ve\u0161tinama i starim zanatima, opremi i alatima, tradicionalnoj, starinskoj i zaboravljenoj tehnologiji, prirodi i boravku u njoj, ali i o svim ostalim starim i savremenim temama koje su vezane za ove \u0161iroke odrednice.<\/p>\n<p>\u017delim vam svima da \u0161to vise iskoristite ono sto se nudi na ovom sajtu da bi ste produbili svoje znanje i iskustva.<\/p>\n<p>&nbsp;<\/p>\n<p style=\"text-align: right;\">Dobro do\u0161li<\/p>\n<p style=\"text-align: right;\">Izvan Grada<\/p>\n<p style=\"text-align: right;\">\n","protected":false},"excerpt":{"rendered":"<p>&nbsp; &nbsp; Internet sajt Izvan Grada je namenjen svima onima koji \u017eele da nau\u010de ne\u0161to vi\u0161e o \u017eivotu u prirodi, izvan grada. Na ovom sajtu \u0107e se pisati i diskutovati o ve\u0161tinama i starim zanatima, opremi i alatima, tradicionalnoj, starinskoj <span class=\"excerpt-dots\">&hellip;<\/span> <a class=\"more-link\" href=\"http:\/\/www.izvangrada.com\/wp\/?page_id=35\"><span class=\"more-msg\">Nastavi \u010ditanje<\/span><\/a><\/p>\n","protected":false},"author":1,"featured_media":0,"parent":0,"menu_order":0,"comment_status":"open","ping_status":"open","template":"","meta":{"footnotes":""},"class_list":["post-35","page","type-page","status-publish","hentry"],"_links":{"self":[{"href":"http:\/\/www.izvangrada.com\/wp\/index.php?rest_route=\/wp\/v2\/pages\/35","targetHints":{"allow":["GET"]}}],"collection":[{"href":"http:\/\/www.izvangrada.com\/wp\/index.php?rest_route=\/wp\/v2\/pages"}],"about":[{"href":"http:\/\/www.izvangrada.com\/wp\/index.php?rest_route=\/wp\/v2\/types\/page"}],"author":[{"embeddable":true,"href":"http:\/\/www.izvangrada.com\/wp\/index.php?rest_route=\/wp\/v2\/users\/1"}],"replies":[{"embeddable":true,"href":"http:\/\/www.izvangrada.com\/wp\/index.php?rest_route=%2Fwp%2Fv2%2Fcomments&post=35"}],"version-history":[{"count":5,"href":"http:\/\/www.izvangrada.com\/wp\/index.php?rest_route=\/wp\/v2\/pages\/35\/revisions"}],"predecessor-version":[{"id":94,"href":"http:\/\/www.izvangrada.com\/wp\/index.php?rest_route=\/wp\/v2\/pages\/35\/revisions\/94"}],"wp:attachment":[{"href":"http:\/\/www.izvangrada.com\/wp\/index.php?rest_route=%2Fwp%2Fv2%2Fmedia&parent=35"}],"curies":[{"name":"wp","href":"https:\/\/api.w.org\/{rel}","templated":true}]}}